{"id":1908,"date":"2024-10-15T14:41:46","date_gmt":"2024-10-15T14:41:46","guid":{"rendered":"https:\/\/nazmiakpinargayrimenkul.com.tr\/?page_id=1908"},"modified":"2024-10-15T14:42:55","modified_gmt":"2024-10-15T14:42:55","slug":"faaliyet-alanlarimiz-2","status":"publish","type":"page","link":"https:\/\/nazmiakpinargayrimenkul.com.tr\/?page_id=1908","title":{"rendered":"Faaliyet Alanlar\u0131m\u0131z"},"content":{"rendered":"\t\t<div data-elementor-type=\"wp-page\" data-elementor-id=\"1908\" class=\"elementor elementor-1908\" data-elementor-post-type=\"page\">\n\t\t\t\t<div class=\"elementor-element elementor-element-b3e3931 e-flex e-con-boxed e-con e-parent\" data-id=\"b3e3931\" data-element_type=\"container\">\n\t\t\t\t\t<div class=\"e-con-inner\">\n\t\t\t\t<div class=\"elementor-element elementor-element-a29a629 elementor-widget elementor-widget-text-editor\" data-id=\"a29a629\" data-element_type=\"widget\" data-widget_type=\"text-editor.default\">\n\t\t\t\t<div class=\"elementor-widget-container\">\n\t\t\t\t\t\t\t<p><span><strong>Nazmi Akp\u0131nar Gayrimenkul,<\/strong>\u00a0ba\u015fta Akp\u0131nar Sanayi B\u00f6lgesi i\u00e7inde yer alan sanayi arsalar\u0131 olmak \u00fczere her t\u00fcrl\u00fc gayrimenkul al\u0131m sat\u0131m\u0131nda m\u00fc\u015fterilerinin hizmetindedir.<\/span><\/p><p><span>\u00a0<\/span><\/p><p><span><strong>Akp\u0131nar Sanayi B\u00f6lgesinde Arsa Sat\u0131\u015f Ko\u015fullar\u0131<\/strong><\/span><\/p><p><span>\u00a0<\/span><\/p><p><span>Sat\u0131\u015f, in\u015faat\u0131n\u0131 hemen yapacak olan m\u00fc\u015fteriye yap\u0131lmakta, bekleyen ve \u00a0yat\u0131r\u0131m amac\u0131yla alacak m\u00fc\u015fteriye sat\u0131\u015f yap\u0131lmamaktad\u0131r.<\/span><\/p><p><span>Sat\u0131\u015f tarihinden itibaren, al\u0131c\u0131 bir y\u0131l i\u00e7inde su basman seviyesine kadar in\u015faat\u0131 tamamlamay\u0131 garanti eder. Taahh\u00fct yerine getirilmemesi \u00a0halinde arsa bedelinin \u00a0% 25 i kadar cezay\u0131 m\u00fclk sahibi \u00f6demeyi taahh\u00fct eder.<\/span><\/p><p><span>Arsa al\u0131m sat\u0131m\u0131 ile ilgili t\u00fcm har\u00e7lar al\u0131c\u0131 taraf\u0131ndan \u00f6denecektir.<\/span><\/p><p><span>Kaporas\u0131 al\u0131nm\u0131\u015f olan m\u00fc\u015fteri ile \u00f6n s\u00f6zle\u015fme yap\u0131lacak, s\u00f6zle\u015fme s\u00fcreli olacak. 15 g\u00fcn i\u00e7erisinde s\u00f6zle\u015fme \u015fartlar\u0131 yerine getirilmez ise s\u00f6zle\u015fme h\u00fck\u00fcms\u00fcz kalacakt\u0131r.<\/span><\/p><p><span>M\u00fc\u015fteri arsa bedelini tamamlayacak ve tapu devri yap\u0131lacakt\u0131r.<\/span><\/p><p><span>\u00a0<\/span><\/p><p><span><strong>\u0130n\u015faat Dahil Anla\u015fmalarda<\/strong><\/span><\/p><p><span>\u00a0<\/span><\/p><p><span>M\u00fc\u015fteri har\u00e7 ve di\u011fer hizmet bedellerini, proje ve ruhsat i\u015flemleri tamamlanmadan \u00f6deyecektir.<\/span><\/p><p><span>Ruhsat sonras\u0131 temel kaz\u0131s\u0131 yap\u0131lacak, temel kaz\u0131s\u0131 sonras\u0131 t\u00fcm masraflar m\u00fc\u015fteri taraf\u0131ndan \u00f6denmi\u015f olacakt\u0131r.<\/span><\/p><p><span>\u0130n\u015faat dahil anla\u015fmalarda kalan bakiye i\u00e7in senet veya \u00e7ekler al\u0131nd\u0131ktan sonra Ana s\u00f6zle\u015fme yap\u0131lacak ve ipotekli olarak tapu devri yap\u0131lacakt\u0131r.<\/span><\/p><p><span>S\u00f6zle\u015fmeden do\u011fan damga vergisi m\u00fc\u015fteriye aittir.<\/span><\/p>\t\t\t\t\t\t<\/div>\n\t\t\t\t<\/div>\n\t\t\t\t\t<\/div>\n\t\t\t\t<\/div>\n\t\t\t\t<\/div>\n\t\t","protected":false},"excerpt":{"rendered":"<p>Nazmi Akp\u0131nar Gayrimenkul,\u00a0ba\u015fta Akp\u0131nar Sanayi B\u00f6lgesi i\u00e7inde yer alan sanayi arsalar\u0131 olmak \u00fczere her t\u00fcrl\u00fc gayrimenkul al\u0131m sat\u0131m\u0131nda m\u00fc\u015fterilerinin hizmetindedir. \u00a0 Akp\u0131nar Sanayi B\u00f6lgesinde Arsa Sat\u0131\u015f Ko\u015fullar\u0131 \u00a0 Sat\u0131\u015f, in\u015faat\u0131n\u0131 hemen yapacak olan m\u00fc\u015fteriye yap\u0131lmakta, bekleyen ve \u00a0yat\u0131r\u0131m amac\u0131yla alacak m\u00fc\u015fteriye sat\u0131\u015f yap\u0131lmamaktad\u0131r. Sat\u0131\u015f tarihinden itibaren, al\u0131c\u0131 bir y\u0131l i\u00e7inde [&hellip;]<\/p>\n","protected":false},"author":1,"featured_media":0,"parent":0,"menu_order":0,"comment_status":"closed","ping_status":"closed","template":"","meta":{"footnotes":""},"class_list":["post-1908","page","type-page","status-publish","hentry"],"_links":{"self":[{"href":"https:\/\/nazmiakpinargayrimenkul.com.tr\/index.php?rest_route=\/wp\/v2\/pages\/1908","targetHints":{"allow":["GET"]}}],"collection":[{"href":"https:\/\/nazmiakpinargayrimenkul.com.tr\/index.php?rest_route=\/wp\/v2\/pages"}],"about":[{"href":"https:\/\/nazmiakpinargayrimenkul.com.tr\/index.php?rest_route=\/wp\/v2\/types\/page"}],"author":[{"embeddable":true,"href":"https:\/\/nazmiakpinargayrimenkul.com.tr\/index.php?rest_route=\/wp\/v2\/users\/1"}],"replies":[{"embeddable":true,"href":"https:\/\/nazmiakpinargayrimenkul.com.tr\/index.php?rest_route=%2Fwp%2Fv2%2Fcomments&post=1908"}],"version-history":[{"count":4,"href":"https:\/\/nazmiakpinargayrimenkul.com.tr\/index.php?rest_route=\/wp\/v2\/pages\/1908\/revisions"}],"predecessor-version":[{"id":1914,"href":"https:\/\/nazmiakpinargayrimenkul.com.tr\/index.php?rest_route=\/wp\/v2\/pages\/1908\/revisions\/1914"}],"wp:attachment":[{"href":"https:\/\/nazmiakpinargayrimenkul.com.tr\/index.php?rest_route=%2Fwp%2Fv2%2Fmedia&parent=1908"}],"curies":[{"name":"wp","href":"https:\/\/api.w.org\/{rel}","templated":true}]}}