{"id":1369,"date":"2024-09-30T08:14:30","date_gmt":"2024-09-30T08:14:30","guid":{"rendered":"https:\/\/nazmiakpinargayrimenkul.com.tr\/?page_id=1369"},"modified":"2024-10-02T06:57:08","modified_gmt":"2024-10-02T06:57:08","slug":"is-basvurusu","status":"publish","type":"page","link":"https:\/\/nazmiakpinargayrimenkul.com.tr\/?page_id=1369","title":{"rendered":"\u0130\u015f Ba\u015fvurusu"},"content":{"rendered":"\t\t<div data-elementor-type=\"wp-page\" data-elementor-id=\"1369\" class=\"elementor elementor-1369\" data-elementor-post-type=\"page\">\n\t\t\t\t<div class=\"elementor-element elementor-element-fb941a4 e-flex e-con-boxed e-con e-parent\" data-id=\"fb941a4\" data-element_type=\"container\">\n\t\t\t\t\t<div class=\"e-con-inner\">\n\t\t\t\t<div class=\"elementor-element elementor-element-d9b8ac0 elementor-widget elementor-widget-text-editor\" data-id=\"d9b8ac0\" data-element_type=\"widget\" data-widget_type=\"text-editor.default\">\n\t\t\t\t<div class=\"elementor-widget-container\">\n\t\t\t\t\t\t\t<div id=\"ust\"><div class=\"sabit\"><div id=\"menu\" class=\"menu\"><div id=\"supermenu\"><div id=\"ust\"><div class=\"sabit\"><div id=\"menu\" class=\"menu\"><div id=\"supermenu\"><table width=\"100%\"><tbody><tr><td width=\"\"><\/td><\/tr><\/tbody><\/table><\/div><div class=\"clear\"><\/div><\/div><\/div><div><\/div><\/div><div><\/div><div id=\"ustmenublogu\"><\/div><div id=\"ortasolsag\"><h1 class=\"baslik1solsag\">\u0130\u015f Ba\u015fvurusu<\/h1><div class=\"orta-kutu-sol-sag orta-kutu-sol-sag-icerik\"><p><span>Ba\u015fvurular, bizzat veya web sitesinden ve kariyer.net \u00fczerinden online olarak yap\u0131l\u0131r. \u0130lk defa ba\u015fvuruda bulunan adaylar, \u00f6ncelikle sitemizde i\u015f ba\u015fvuru formunu doldurarak \u00f6zge\u00e7mi\u015flerini olu\u015fturmak zorundad\u0131r. Sitemize yap\u0131lan ba\u015fvurular, sadece\u00a0\u015firketlerimizin\u00a0\u0130nsan Kaynaklar\u0131 taraf\u0131ndan g\u00f6r\u00fcnt\u00fclenir. T\u00fcm ba\u015fvurular gizlilik esas\u0131na uygun olarak de\u011ferlendirilir.<\/span><\/p><\/div><\/div><\/div><\/div><\/div><\/div>\t\t\t\t\t\t<\/div>\n\t\t\t\t<\/div>\n\t\t\t\t\t<\/div>\n\t\t\t\t<\/div>\n\t\t\t\t<\/div>\n\t\t","protected":false},"excerpt":{"rendered":"<p>\u0130\u015f Ba\u015fvurusu Ba\u015fvurular, bizzat veya web sitesinden ve kariyer.net \u00fczerinden online olarak yap\u0131l\u0131r. \u0130lk defa ba\u015fvuruda bulunan adaylar, \u00f6ncelikle sitemizde i\u015f ba\u015fvuru formunu doldurarak \u00f6zge\u00e7mi\u015flerini olu\u015fturmak zorundad\u0131r. Sitemize yap\u0131lan ba\u015fvurular, sadece\u00a0\u015firketlerimizin\u00a0\u0130nsan Kaynaklar\u0131 taraf\u0131ndan g\u00f6r\u00fcnt\u00fclenir. T\u00fcm ba\u015fvurular gizlilik esas\u0131na uygun olarak de\u011ferlendirilir.<\/p>\n","protected":false},"author":1,"featured_media":0,"parent":0,"menu_order":0,"comment_status":"closed","ping_status":"closed","template":"","meta":{"footnotes":""},"class_list":["post-1369","page","type-page","status-publish","hentry"],"_links":{"self":[{"href":"https:\/\/nazmiakpinargayrimenkul.com.tr\/index.php?rest_route=\/wp\/v2\/pages\/1369","targetHints":{"allow":["GET"]}}],"collection":[{"href":"https:\/\/nazmiakpinargayrimenkul.com.tr\/index.php?rest_route=\/wp\/v2\/pages"}],"about":[{"href":"https:\/\/nazmiakpinargayrimenkul.com.tr\/index.php?rest_route=\/wp\/v2\/types\/page"}],"author":[{"embeddable":true,"href":"https:\/\/nazmiakpinargayrimenkul.com.tr\/index.php?rest_route=\/wp\/v2\/users\/1"}],"replies":[{"embeddable":true,"href":"https:\/\/nazmiakpinargayrimenkul.com.tr\/index.php?rest_route=%2Fwp%2Fv2%2Fcomments&post=1369"}],"version-history":[{"count":4,"href":"https:\/\/nazmiakpinargayrimenkul.com.tr\/index.php?rest_route=\/wp\/v2\/pages\/1369\/revisions"}],"predecessor-version":[{"id":1564,"href":"https:\/\/nazmiakpinargayrimenkul.com.tr\/index.php?rest_route=\/wp\/v2\/pages\/1369\/revisions\/1564"}],"wp:attachment":[{"href":"https:\/\/nazmiakpinargayrimenkul.com.tr\/index.php?rest_route=%2Fwp%2Fv2%2Fmedia&parent=1369"}],"curies":[{"name":"wp","href":"https:\/\/api.w.org\/{rel}","templated":true}]}}